{"id":32824,"date":"2022-12-09T15:27:20","date_gmt":"2022-12-09T15:27:20","guid":{"rendered":"https:\/\/www.egroup.hu\/it-sec-policy\/"},"modified":"2022-12-12T09:39:59","modified_gmt":"2022-12-12T09:39:59","slug":"informaciobiztonsagi-politika","status":"publish","type":"page","link":"https:\/\/www.egroup.hu\/hu\/informaciobiztonsagi-politika\/","title":{"rendered":"Inform\u00e1ci\u00f3biztons\u00e1gi politika"},"content":{"rendered":"\n<h3 class=\"wp-block-heading\">Az E-GROUP ICT SOFTWARE Zrt. sikeres \u00fczleti m\u0171k\u00f6d\u00e9s\u00e9nek, tevek\u00e9nys\u00e9g\u00e9nek nagyon fontos eleme az inform\u00e1ci\u00f3, annak rendelkez\u00e9sre \u00e1ll\u00e1sa, s\u00e9rtetlens\u00e9ge, bizalmas kezel\u00e9se.<\/h3>\n\n<p>Inform\u00e1ci\u00f3v\u00e9delmi rendszert m\u0171k\u00f6dtet\u00fcnk, melynek alapja az ISO\/IEC 27001:2014 szabv\u00e1ny, ez\u00e1ltal megval\u00f3sul az \u00fczleti inform\u00e1ci\u00f3k bizalmas kezel\u00e9se, a m\u0171k\u00f6d\u00e9s t\u00e1mogat\u00f3 IT infrastrukt\u00fara \u00e9s adatb\u00e1zisok folyamatos rendelkez\u00e9sre \u00e1ll\u00e1sa, az adatok megfelel\u0151s\u00e9g\u00e9r\u0151l val\u00f3 gondoskod\u00e1s, az \u00fczleti partnerek adatainak \u00e9s munkat\u00e1rsaink szem\u00e9lyes adatainak bizalmas kezel\u00e9se, minden t\u00f6rv\u00e9nyi, illetve vev\u0151i el\u0151\u00edr\u00e1s teljes\u00edt\u00e9se.<\/p>\n\n<p>Elk\u00f6telezetts\u00e9g\u00fcnkb\u0151l ered\u0151en kinyilv\u00e1n\u00edtom, hogy:<\/p>\n\n<p><strong><strong>Adat \u00e9s inform\u00e1ci\u00f3v\u00e9delmi int\u00e9zked\u00e9seinket kock\u00e1zatfelm\u00e9r\u00e9sre alapozzuk,<\/strong><\/strong><\/p>\n\n<ul><li>kock\u00e1zatokkal ar\u00e1nyos megold\u00e1sokat alak\u00edtunk ki \u00e9s m\u0171k\u00f6dtet\u00fcnk, a biztons\u00e1g szempontj\u00e1b\u00f3l meghat\u00e1roz\u00f3nak tartjuk az emberi t\u00e9nyez\u0151t, ez\u00e9rt minden munkat\u00e1rsunk, alv\u00e1llalkoz\u00f3 partner\u00fcnk eset\u00e9n gondoskodunk arr\u00f3l, hogy ismerj\u00e9k a tev\u00e9kenys\u00e9g\u00fckh\u00f6z kapcsol\u00f3d\u00f3 kock\u00e1zatokat, szerep\u00fcket, \u00e9s ezt megfelel\u0151en l\u00e1ss\u00e1k is el,<\/li><li>nformatikai rendszer\u00fcnkben szigor\u00fa hozz\u00e1f\u00e9r\u00e9si rendszert alak\u00edtottunk ki \u00e9s m\u0171k\u00f6dtet\u00fcnk, gondoskodunk a k\u00fcls\u0151 behatol\u00e1s \u00e9s v\u00edrusok elleni v\u00e9delemr\u0151l,<\/li><li>folyamatosan figyelemmel k\u00eds\u00e9rj\u00fck inform\u00e1ci\u00f3v\u00e9delmi rendszer\u00fcnk m\u0171k\u00f6d\u00e9s\u00e9t, eredm\u00e9nyess\u00e9g\u00e9t, az incidenseket, \u00e9s ezeket az inform\u00e1ci\u00f3kat felhaszn\u00e1ljuk a fejleszt\u00e9si c\u00e9lok kit\u0171z\u00e9s\u00e9hez,<\/li><li>szab\u00e1lyoztuk az inform\u00e1ci\u00f3biztons\u00e1g fenntart\u00e1s\u00e1t, fejleszt\u00e9s\u00e9t biztos\u00edt\u00f3 tev\u00e9kenys\u00e9geket, folyamatokat,<\/li><li>Kock\u00e1zatkezel\u00e9si tervben \u00e9vente meghat\u00e1rozzuk az inform\u00e1ci\u00f3v\u00e9delmi rendszer fejleszt\u00e9s\u00e9hez kapcsol\u00f3d\u00f3 int\u00e9zked\u00e9seket.<\/li><\/ul>\n<p><\/p>\n\n<p><strong><strong>A T\u00e1rsas\u00e1g vezet\u00e9se a fentiekkel \u00f6sszhangban hozza meg d\u00f6nt\u00e9seit, \u00e9s elv\u00e1rja minden dolgoz\u00f3t\u00f3l a kit\u0171z\u00f6tt c\u00e9lok t\u00e1mogat\u00e1s\u00e1t.\u00a0<\/strong><\/strong><\/p>\n\n<p>Budapest, 2022.02.07<\/p>\n\n<p><strong><strong>Kuthy Antal<\/strong><\/strong><br\/>vez\u00e9rigazgat\u00f3<\/p>\n","protected":false},"excerpt":{"rendered":"<p>Az E-GROUP ICT SOFTWARE Zrt. sikeres \u00fczleti m\u0171k\u00f6d\u00e9s\u00e9nek, tevek\u00e9nys\u00e9g\u00e9nek nagyon fontos eleme az inform\u00e1ci\u00f3, annak rendelkez\u00e9sre \u00e1ll\u00e1sa, s\u00e9rtetlens\u00e9ge, bizalmas kezel\u00e9se. Inform\u00e1ci\u00f3v\u00e9delmi rendszert m\u0171k\u00f6dtet\u00fcnk, melynek alapja az ISO\/IEC 27001:2014 szabv\u00e1ny, ez\u00e1ltal megval\u00f3sul az \u00fczleti inform\u00e1ci\u00f3k bizalmas kezel\u00e9se, a m\u0171k\u00f6d\u00e9s t\u00e1mogat\u00f3 IT infrastrukt\u00fara \u00e9s adatb\u00e1zisok folyamatos rendelkez\u00e9sre \u00e1ll\u00e1sa, az adatok megfelel\u0151s\u00e9g\u00e9r\u0151l val\u00f3 gondoskod\u00e1s, az \u00fczleti partnerek adatainak [&hellip;]<\/p>\n","protected":false},"author":1,"featured_media":0,"parent":0,"menu_order":0,"comment_status":"closed","ping_status":"closed","template":"","meta":[],"categories":[175],"tags":[],"yoast_head":"<!-- This site is optimized with the Yoast SEO plugin v20.12 - https:\/\/yoast.com\/wordpress\/plugins\/seo\/ -->\n<title>Inform\u00e1ci\u00f3biztons\u00e1gi politika - E-Group<\/title>\n<meta name=\"robots\" content=\"index, follow, max-snippet:-1, max-image-preview:large, max-video-preview:-1\" \/>\n<link rel=\"canonical\" href=\"https:\/\/www.egroup.hu\/hu\/informaciobiztonsagi-politika\/\" \/>\n<meta property=\"og:locale\" content=\"hu_HU\" \/>\n<meta property=\"og:type\" content=\"article\" \/>\n<meta property=\"og:title\" content=\"Inform\u00e1ci\u00f3biztons\u00e1gi politika - E-Group\" \/>\n<meta property=\"og:description\" content=\"Az E-GROUP ICT SOFTWARE Zrt. sikeres \u00fczleti m\u0171k\u00f6d\u00e9s\u00e9nek, tevek\u00e9nys\u00e9g\u00e9nek nagyon fontos eleme az inform\u00e1ci\u00f3, annak rendelkez\u00e9sre \u00e1ll\u00e1sa, s\u00e9rtetlens\u00e9ge, bizalmas kezel\u00e9se. Inform\u00e1ci\u00f3v\u00e9delmi rendszert m\u0171k\u00f6dtet\u00fcnk, melynek alapja az ISO\/IEC 27001:2014 szabv\u00e1ny, ez\u00e1ltal megval\u00f3sul az \u00fczleti inform\u00e1ci\u00f3k bizalmas kezel\u00e9se, a m\u0171k\u00f6d\u00e9s t\u00e1mogat\u00f3 IT infrastrukt\u00fara \u00e9s adatb\u00e1zisok folyamatos rendelkez\u00e9sre \u00e1ll\u00e1sa, az adatok megfelel\u0151s\u00e9g\u00e9r\u0151l val\u00f3 gondoskod\u00e1s, az \u00fczleti partnerek adatainak [&hellip;]\" \/>\n<meta property=\"og:url\" content=\"https:\/\/www.egroup.hu\/hu\/informaciobiztonsagi-politika\/\" \/>\n<meta property=\"og:site_name\" content=\"E-Group\" \/>\n<meta property=\"article:modified_time\" content=\"2022-12-12T09:39:59+00:00\" \/>\n<meta name=\"twitter:card\" content=\"summary_large_image\" \/>\n<meta name=\"twitter:label1\" content=\"Becs\u00fclt olvas\u00e1si id\u0151\" \/>\n\t<meta name=\"twitter:data1\" content=\"2 perc\" \/>\n<script type=\"application\/ld+json\" class=\"yoast-schema-graph\">{\"@context\":\"https:\/\/schema.org\",\"@graph\":[{\"@type\":\"WebPage\",\"@id\":\"https:\/\/www.egroup.hu\/hu\/informaciobiztonsagi-politika\/\",\"url\":\"https:\/\/www.egroup.hu\/hu\/informaciobiztonsagi-politika\/\",\"name\":\"Inform\u00e1ci\u00f3biztons\u00e1gi politika - E-Group\",\"isPartOf\":{\"@id\":\"https:\/\/www.egroup.hu\/hu\/#website\"},\"datePublished\":\"2022-12-09T15:27:20+00:00\",\"dateModified\":\"2022-12-12T09:39:59+00:00\",\"inLanguage\":\"hu\",\"potentialAction\":[{\"@type\":\"ReadAction\",\"target\":[\"https:\/\/www.egroup.hu\/hu\/informaciobiztonsagi-politika\/\"]}]},{\"@type\":\"WebSite\",\"@id\":\"https:\/\/www.egroup.hu\/hu\/#website\",\"url\":\"https:\/\/www.egroup.hu\/hu\/\",\"name\":\"E-Group\",\"description\":\"E-Group ICT Software\",\"potentialAction\":[{\"@type\":\"SearchAction\",\"target\":{\"@type\":\"EntryPoint\",\"urlTemplate\":\"https:\/\/www.egroup.hu\/hu\/?s={search_term_string}\"},\"query-input\":\"required name=search_term_string\"}],\"inLanguage\":\"hu\"}]}<\/script>\n<!-- \/ Yoast SEO plugin. -->","yoast_head_json":{"title":"Inform\u00e1ci\u00f3biztons\u00e1gi politika - E-Group","robots":{"index":"index","follow":"follow","max-snippet":"max-snippet:-1","max-image-preview":"max-image-preview:large","max-video-preview":"max-video-preview:-1"},"canonical":"https:\/\/www.egroup.hu\/hu\/informaciobiztonsagi-politika\/","og_locale":"hu_HU","og_type":"article","og_title":"Inform\u00e1ci\u00f3biztons\u00e1gi politika - E-Group","og_description":"Az E-GROUP ICT SOFTWARE Zrt. sikeres \u00fczleti m\u0171k\u00f6d\u00e9s\u00e9nek, tevek\u00e9nys\u00e9g\u00e9nek nagyon fontos eleme az inform\u00e1ci\u00f3, annak rendelkez\u00e9sre \u00e1ll\u00e1sa, s\u00e9rtetlens\u00e9ge, bizalmas kezel\u00e9se. Inform\u00e1ci\u00f3v\u00e9delmi rendszert m\u0171k\u00f6dtet\u00fcnk, melynek alapja az ISO\/IEC 27001:2014 szabv\u00e1ny, ez\u00e1ltal megval\u00f3sul az \u00fczleti inform\u00e1ci\u00f3k bizalmas kezel\u00e9se, a m\u0171k\u00f6d\u00e9s t\u00e1mogat\u00f3 IT infrastrukt\u00fara \u00e9s adatb\u00e1zisok folyamatos rendelkez\u00e9sre \u00e1ll\u00e1sa, az adatok megfelel\u0151s\u00e9g\u00e9r\u0151l val\u00f3 gondoskod\u00e1s, az \u00fczleti partnerek adatainak [&hellip;]","og_url":"https:\/\/www.egroup.hu\/hu\/informaciobiztonsagi-politika\/","og_site_name":"E-Group","article_modified_time":"2022-12-12T09:39:59+00:00","twitter_card":"summary_large_image","twitter_misc":{"Becs\u00fclt olvas\u00e1si id\u0151":"2 perc"},"schema":{"@context":"https:\/\/schema.org","@graph":[{"@type":"WebPage","@id":"https:\/\/www.egroup.hu\/hu\/informaciobiztonsagi-politika\/","url":"https:\/\/www.egroup.hu\/hu\/informaciobiztonsagi-politika\/","name":"Inform\u00e1ci\u00f3biztons\u00e1gi politika - E-Group","isPartOf":{"@id":"https:\/\/www.egroup.hu\/hu\/#website"},"datePublished":"2022-12-09T15:27:20+00:00","dateModified":"2022-12-12T09:39:59+00:00","inLanguage":"hu","potentialAction":[{"@type":"ReadAction","target":["https:\/\/www.egroup.hu\/hu\/informaciobiztonsagi-politika\/"]}]},{"@type":"WebSite","@id":"https:\/\/www.egroup.hu\/hu\/#website","url":"https:\/\/www.egroup.hu\/hu\/","name":"E-Group","description":"E-Group ICT Software","potentialAction":[{"@type":"SearchAction","target":{"@type":"EntryPoint","urlTemplate":"https:\/\/www.egroup.hu\/hu\/?s={search_term_string}"},"query-input":"required name=search_term_string"}],"inLanguage":"hu"}]}},"_links":{"self":[{"href":"https:\/\/www.egroup.hu\/hu\/wp-json\/wp\/v2\/pages\/32824"}],"collection":[{"href":"https:\/\/www.egroup.hu\/hu\/wp-json\/wp\/v2\/pages"}],"about":[{"href":"https:\/\/www.egroup.hu\/hu\/wp-json\/wp\/v2\/types\/page"}],"author":[{"embeddable":true,"href":"https:\/\/www.egroup.hu\/hu\/wp-json\/wp\/v2\/users\/1"}],"replies":[{"embeddable":true,"href":"https:\/\/www.egroup.hu\/hu\/wp-json\/wp\/v2\/comments?post=32824"}],"version-history":[{"count":8,"href":"https:\/\/www.egroup.hu\/hu\/wp-json\/wp\/v2\/pages\/32824\/revisions"}],"predecessor-version":[{"id":32841,"href":"https:\/\/www.egroup.hu\/hu\/wp-json\/wp\/v2\/pages\/32824\/revisions\/32841"}],"wp:attachment":[{"href":"https:\/\/www.egroup.hu\/hu\/wp-json\/wp\/v2\/media?parent=32824"}],"wp:term":[{"taxonomy":"category","embeddable":true,"href":"https:\/\/www.egroup.hu\/hu\/wp-json\/wp\/v2\/categories?post=32824"},{"taxonomy":"post_tag","embeddable":true,"href":"https:\/\/www.egroup.hu\/hu\/wp-json\/wp\/v2\/tags?post=32824"}],"curies":[{"name":"wp","href":"https:\/\/api.w.org\/{rel}","templated":true}]}}